{"id":67,"date":"2020-10-07T19:26:27","date_gmt":"2020-10-07T18:26:27","guid":{"rendered":"https:\/\/test.halbinger.de\/?page_id=67"},"modified":"2020-10-14T17:30:40","modified_gmt":"2020-10-14T16:30:40","slug":"broadcast-und-behoerdenfahrzeuge","status":"publish","type":"page","link":"https:\/\/www.halbinger.de\/?page_id=67","title":{"rendered":"Broadcast- und Beh\u00f6rdenfahrzeuge"},"content":{"rendered":"\n<figure class=\"wp-block-image size-large is-resized\"><img loading=\"lazy\" decoding=\"async\" src=\"https:\/\/www.halbinger.de\/wp-content\/uploads\/Ue-Wagen02-1024x682.jpg\" alt=\"\" width=\"1024\" height=\"682\"\/><figcaption>Kofferaufbau mit elektrischer Schwingt\u00fcr f\u00fcr den H\u00f6rfunkeinsatz<\/figcaption><\/figure>\n\n\n\n<figure class=\"wp-block-image size-large is-resized\"><img loading=\"lazy\" decoding=\"async\" src=\"https:\/\/www.halbinger.de\/wp-content\/uploads\/Ue-Wagen04-1024x853.jpg\" alt=\"\" width=\"1024\" height=\"853\"\/><figcaption>Fernseh\u00fcbertragungswagen mit gro\u00dfem Seitenauszugsteil<\/figcaption><\/figure>\n\n\n\n<figure class=\"wp-block-image size-large is-resized\"><img loading=\"lazy\" decoding=\"async\" src=\"https:\/\/www.halbinger.de\/wp-content\/uploads\/EWL2_01-1024x682.jpg\" alt=\"\" width=\"1024\" height=\"682\"\/><figcaption>Einsatzleitwagen 2 f\u00fcr den Feuerwehreinsatz<\/figcaption><\/figure>\n\n\n\n<figure class=\"wp-block-image size-large is-resized\"><img loading=\"lazy\" decoding=\"async\" src=\"https:\/\/www.halbinger.de\/wp-content\/uploads\/Ue-Wagen05-1-1024x682.jpg\" alt=\"\" width=\"1024\" height=\"682\"\/><figcaption>\u00dcbertragungswagen mit 4-fach Abst\u00fctzung<\/figcaption><\/figure>\n\n\n\n<p><\/p>\n","protected":false},"excerpt":{"rendered":"","protected":false},"author":2,"featured_media":0,"parent":0,"menu_order":0,"comment_status":"closed","ping_status":"closed","template":"","meta":{"footnotes":""},"class_list":["post-67","page","type-page","status-publish","hentry"],"_links":{"self":[{"href":"https:\/\/www.halbinger.de\/index.php?rest_route=\/wp\/v2\/pages\/67","targetHints":{"allow":["GET"]}}],"collection":[{"href":"https:\/\/www.halbinger.de\/index.php?rest_route=\/wp\/v2\/pages"}],"about":[{"href":"https:\/\/www.halbinger.de\/index.php?rest_route=\/wp\/v2\/types\/page"}],"author":[{"embeddable":true,"href":"https:\/\/www.halbinger.de\/index.php?rest_route=\/wp\/v2\/users\/2"}],"replies":[{"embeddable":true,"href":"https:\/\/www.halbinger.de\/index.php?rest_route=%2Fwp%2Fv2%2Fcomments&post=67"}],"version-history":[{"count":4,"href":"https:\/\/www.halbinger.de\/index.php?rest_route=\/wp\/v2\/pages\/67\/revisions"}],"predecessor-version":[{"id":223,"href":"https:\/\/www.halbinger.de\/index.php?rest_route=\/wp\/v2\/pages\/67\/revisions\/223"}],"wp:attachment":[{"href":"https:\/\/www.halbinger.de\/index.php?rest_route=%2Fwp%2Fv2%2Fmedia&parent=67"}],"curies":[{"name":"wp","href":"https:\/\/api.w.org\/{rel}","templated":true}]}}